{"id":115,"date":"2020-11-30T06:42:00","date_gmt":"2020-11-30T05:42:00","guid":{"rendered":"http:\/\/mae-wordpress-export.pixudio.com\/?page_id=115"},"modified":"2021-02-03T13:45:22","modified_gmt":"2021-02-03T12:45:22","slug":"home","status":"publish","type":"page","link":"https:\/\/eduhack.iuw.edu.pl\/","title":{"rendered":"EduHack 2021"},"content":{"rendered":"\n<section class=\"wp-block-pixudio-gooey section section--first alignfull color: 1d3e60\"><div class=\"paper paper--150 paper--gooey in-view\" data-elements=\"[{&quot;type&quot;:&quot;gooey&quot;,&quot;mobile&quot;:{&quot;radius&quot;:55,&quot;center&quot;:{&quot;x&quot;:-450,&quot;y&quot;:65},&quot;fillColor&quot;:&quot;tertiary&quot;},&quot;desktop&quot;:{&quot;radius&quot;:55,&quot;center&quot;:{&quot;x&quot;:-450,&quot;y&quot;:65},&quot;fillColor&quot;:&quot;tertiary&quot;}},{&quot;type&quot;:&quot;gooey&quot;,&quot;flatten&quot;:32,&quot;mobile&quot;:{&quot;radius&quot;:520,&quot;center&quot;:{&quot;x&quot;:760,&quot;y&quot;:-540},&quot;fillColor&quot;:&quot;tertiary&quot;},&quot;desktop&quot;:{&quot;radius&quot;:520,&quot;center&quot;:{&quot;x&quot;:760,&quot;y&quot;:-540},&quot;fillColor&quot;:&quot;tertiary&quot;}},{&quot;type&quot;:&quot;mask&quot;,&quot;src&quot;:&quot;http:\/\/eduhack.iuw.edu.pl\/wp-content\/uploads\/2020\/12\/placeholder-1200x1200-1.jpg&quot;,&quot;srcId&quot;:1600,&quot;flatten&quot;:32,&quot;mobile&quot;:{&quot;radius&quot;:500,&quot;center&quot;:{&quot;x&quot;:780,&quot;y&quot;:-600},&quot;fillColor&quot;:&quot;primary&quot;},&quot;desktop&quot;:{&quot;radius&quot;:500,&quot;center&quot;:{&quot;x&quot;:780,&quot;y&quot;:-600},&quot;fillColor&quot;:&quot;primary&quot;}}]\"><div class=\"in-view__child in-view__child--fadein\"><img class=\"pattern__background d-block lazyload--el lazyload\" src=\"data:image\/gif;base64,R0lGODlhAQABAAAAACH5BAEKAAEALAAAAAABAAEAAAICTAEAOw==\" data-src=\"http:\/\/eduhack.iuw.edu.pl\/wp-content\/uploads\/2020\/12\/shape-11xx.svg\" data-id=\"1768\" alt=\"\"\/><\/div><canvas data-paper-resize=\"true\" data-paper-keepalive=\"true\"><\/canvas><\/div><div class=\"container\"><div class=\"row in-view\"><div class=\"col-12 col-xl-10 offset-xl-1\"><h5 class=\"in-view__child in-view__child--fadein\"><span class=\"pattern__subtitle\">ONLINE HACKATHON<\/span><\/h5><h1 class=\"in-view__child in-view__child--fadein display-one\"><span class=\"pattern__title\">International<br\/>hackathon<br\/>for the future<br\/>of education<\/span><\/h1><div class=\"row align-items-center margin-top in-view__child in-view__child--fadein justify-content-start\"><div class=\"col-12 order-lg-1 col-lg-auto\"><p><a class=\"gooey__cta btn btn--primary btn--round\" href=\"#register_form\">14-17.01.2021<\/a><\/p><\/div><\/div><\/div><\/div><\/div><\/section>\n\n\n\n<div style=\"height:150px\" aria-hidden=\"true\" class=\"wp-block-spacer\"><\/div>\n\n\n\n<div class=\"wp-block-group margin-top: 200px;\"><div class=\"wp-block-group__inner-container\">\n<div class=\"wp-block-columns alignfull are-vertically-aligned-center\">\n<div class=\"wp-block-column is-vertically-aligned-center\" style=\"flex-basis:66.66%\">\n<div class=\"wp-block-pixudio-heading heading\"><header class=\"heading--entry\"><div class=\"row\"><div class=\"col-12 col-lg-10\"><h6 class=\"heading__subtitle margin-top-0 color--body-alt\">MORE ABOUT HACKATHON<\/h6><h2 class=\"heading__title margin-top-0\">EduHack2021<\/h2><\/div><\/div><\/header><\/div>\n\n\n\n<p>EduHack 2021 is an international hackathon that responds to the current problems of the academic community in the European Union.&nbsp;<\/p>\n\n\n\n<p>Due to the pandemic, teaching was suddenly switched to remote work. At an unprecedented rate, students and academics have had to change their habits and learn how to operate new tools to continue online learning and teaching. This sudden transformation has led to many challenges and problems along the way. Still, new opportunities arose in the digitization of education. The pandemic gave us a chance but also forced us to reinvent education.<\/p>\n<\/div>\n\n\n\n<div class=\"wp-block-column is-vertically-aligned-center\" style=\"flex-basis:33.33%\">\n<figure class=\"wp-block-image size-large is-style-default\"><img loading=\"lazy\" width=\"1024\" height=\"1024\" src=\"http:\/\/eduhack.iuw.edu.pl\/wp-content\/uploads\/2020\/12\/EduHack_ilustration0-1024x1024.png\" alt=\"\" class=\"wp-image-1766\" srcset=\"https:\/\/eduhack.iuw.edu.pl\/wp-content\/uploads\/2020\/12\/EduHack_ilustration0-1024x1024.png 1024w, https:\/\/eduhack.iuw.edu.pl\/wp-content\/uploads\/2020\/12\/EduHack_ilustration0-300x300.png 300w, https:\/\/eduhack.iuw.edu.pl\/wp-content\/uploads\/2020\/12\/EduHack_ilustration0-150x150.png 150w, https:\/\/eduhack.iuw.edu.pl\/wp-content\/uploads\/2020\/12\/EduHack_ilustration0-768x768.png 768w, https:\/\/eduhack.iuw.edu.pl\/wp-content\/uploads\/2020\/12\/EduHack_ilustration0-96x96.png 96w, https:\/\/eduhack.iuw.edu.pl\/wp-content\/uploads\/2020\/12\/EduHack_ilustration0.png 1200w\" sizes=\"100vw\" \/><\/figure>\n<\/div>\n<\/div>\n\n\n\n<p><\/p>\n<\/div><\/div>\n\n\n\n<div style=\"height:44px\" aria-hidden=\"true\" class=\"wp-block-spacer\"><\/div>\n\n\n\n<div class=\"wp-block-columns\">\n<div class=\"wp-block-column is-vertically-aligned-center\" style=\"flex-basis:33.34%\">\n<figure class=\"wp-block-image size-large\"><img loading=\"lazy\" width=\"1024\" height=\"1024\" src=\"https:\/\/eduhack.iuw.edu.pl\/wp-content\/uploads\/2020\/12\/EduHack_ilustration1-1024x1024.png\" alt=\"\" class=\"wp-image-1767\" srcset=\"https:\/\/eduhack.iuw.edu.pl\/wp-content\/uploads\/2020\/12\/EduHack_ilustration1-1024x1024.png 1024w, https:\/\/eduhack.iuw.edu.pl\/wp-content\/uploads\/2020\/12\/EduHack_ilustration1-300x300.png 300w, https:\/\/eduhack.iuw.edu.pl\/wp-content\/uploads\/2020\/12\/EduHack_ilustration1-150x150.png 150w, https:\/\/eduhack.iuw.edu.pl\/wp-content\/uploads\/2020\/12\/EduHack_ilustration1-768x768.png 768w, https:\/\/eduhack.iuw.edu.pl\/wp-content\/uploads\/2020\/12\/EduHack_ilustration1-96x96.png 96w, https:\/\/eduhack.iuw.edu.pl\/wp-content\/uploads\/2020\/12\/EduHack_ilustration1.png 1200w\" sizes=\"100vw\" \/><\/figure>\n<\/div>\n\n\n\n<div class=\"wp-block-column is-vertically-aligned-center\" style=\"flex-basis:66.66%\">\n<p>That is why the University of Warsaw Incubator, together with its partner universities, is organizing an international hackathon. The students from the European Union will develop possible solutions that meet the challenges of digital education and take advantage of the opportunities it gives.<\/p>\n\n\n\n<p>During the 3-day event, with the help of experts and based on the research results, the academic community will work on solutions that will help employ the potential of remote learning and make sure that the time of the pandemic takes education to a higher, digital level.<\/p>\n<\/div>\n<\/div>\n\n\n\n<div style=\"height:20px\" aria-hidden=\"true\" class=\"wp-block-spacer\"><\/div>\n\n\n\n<div class=\"wp-block-pixudio-wildcard section\"><div class=\"reveal in-view reveal--primary reveal--right reveal--darken reveal--fixed\"><div class=\"reveal__frame\"><figure class=\"reveal__background lazyload--el lazyload\" data-id=\"2022\" data-bg=\"http:\/\/eduhack.iuw.edu.pl\/wp-content\/uploads\/2021\/01\/Raport_zdalne-nauczanieXX.jpg\"><\/figure><\/div><h3 class=\"reveal__title in-view__child in-view__child--fadein\">&#8220;The Future of Education\u201d online debate<\/h3><div class=\"reveal__copy indent\"><div class=\"row\"><div class=\"col-12 col-md-6 in-view__child in-view__child--fadein\"><iframe width=\"560\" height=\"315\" src=\"https:\/\/www.youtube.com\/embed\/S_NHGN_-GOI\" frameborder=\"0\" allow=\"accelerometer; autoplay; clipboard-write; encrypted-media; gyroscope; picture-in-picture\" allowfullscreen><\/iframe><\/div><\/div><\/div><\/div><\/div>\n\n\n\n<div class=\"wp-block-pixudio-wildcard section\"><div class=\"reveal in-view reveal--secondary reveal--left reveal--darken reveal--fixed\"><div class=\"reveal__frame\"><figure class=\"reveal__background lazyload--el lazyload\" data-id=\"2022\" data-bg=\"http:\/\/eduhack.iuw.edu.pl\/wp-content\/uploads\/2021\/01\/Raport_zdalne-nauczanieXX.jpg\"><\/figure><\/div><h3 class=\"reveal__title in-view__child in-view__child--fadein\">Download report &#8220;Remote Learning. Taming the (Un)known. Impact of COVID-19 on higher education&#8221;<\/h3><div class=\"reveal__copy indent\"><div class=\"row\"><div class=\"col-12 col-md-6 in-view__child in-view__child--fadein\"><h6 class=\"reveal__action__label\">Report ENG<\/h6><div class=\"reveal__action__link sub-head dashed dashed--reverse dashed--hover in-view__child\"><a href=\"\/wp-content\/uploads\/2021\/01\/ENG-Report_Remote-Learning-Taming-the-Unknown-Impact-of-COVID-19-on-higher-education.pdf\" data-type=\"URL\" data-id=\"\/wp-content\/uploads\/2021\/01\/ENG-Report_Remote-Learning-Taming-the-Unknown-Impact-of-COVID-19-on-higher-education.pdf\">Download<\/a><\/div><\/div><div class=\"col-12 col-md-6 in-view__child in-view__child--fadein\"><h6 class=\"reveal__action__label\">Report PL<\/h6><div class=\"reveal__action__link sub-head dashed dashed--reverse dashed--hover in-view__child\"><a href=\"\/wp-content\/uploads\/2021\/01\/PL-Raport_Nauczanie-zdalne-Oswojenie-nieznanego-Wplyw-pandemii-COVID-19-na-szkolnictwo-wyzsze.pdf\" data-type=\"URL\" data-id=\"\/wp-content\/uploads\/2021\/01\/PL-Raport_Nauczanie-zdalne-Oswojenie-nieznanego-Wplyw-pandemii-COVID-19-na-szkolnictwo-wyzsze.pdf\">Download<\/a><\/div><\/div><\/div><\/div><\/div><\/div>\n\n\n\n\n\n<div style=\"height:100px\" aria-hidden=\"true\" class=\"wp-block-spacer\"><\/div>\n\n\n\n<h3 class=\"has-text-align-center\"><strong>Challenge<\/strong><\/h3>\n\n\n\n<p>The main theme of the EduHack 2021 is&nbsp;<strong>building students engagement in university online classes and its monitoring.<\/strong><\/p>\n\n\n\n<div style=\"height:61px\" aria-hidden=\"true\" class=\"wp-block-spacer\"><\/div>\n\n\n\n<h3 class=\"has-text-align-center\">Prizes&amp;Judging<\/h3>\n\n\n\n<p>The hackathon organizers are offering winners the total pool prize of<strong> 5000 EUR in cash and in-kind prizes<\/strong>.<\/p>\n\n\n\n<p>What will the judges be looking for?<br>1. <strong>Originality<\/strong> \u2013 innovative ideas that open new doors or improve current processes.<br>2. <strong>Readiness for implementation<\/strong> \u2013 the extent to which the project is both willing and able to implement and sustain.<br>3. <strong>Universality<\/strong> \u2013 the extent to which the project has international character and also the potential impact on international education (i.e. real-world-solutions that address real-world issues).<br>4. <strong>Commercial\/business potential<\/strong> \u2013 the development of business model and validation of underlying assumptions to best gauge market appetite for a product.<\/p>\n\n\n\n<div style=\"height:61px\" aria-hidden=\"true\" class=\"wp-block-spacer\"><\/div>\n\n\n\n<h3 class=\"has-text-align-center\">Winners<\/h3>\n\n\n\n<p><strong>1<\/strong><sup><strong>st<\/strong><\/sup><strong> place: Code Hussar Team<\/strong>: Piotr Filochowski, Jakub Krukowski, Patryk Ostrowski, Adam Pawe\u0142ek, Sebastian Szczepa\u0144ski. <strong>Project: \u201eUniNetwork\u201d<\/strong><\/p>\n\n\n\n<p>\u201cUniNetwork\u201d is an application that enables connection between students working on common projects. The application will improve international cooperation and help students to engage more within scientific projects and clubs.<\/p>\n\n\n\n<p><strong>2<\/strong><sup><strong>nd<\/strong><\/sup><strong> place: HARDCODED Team<\/strong>: Mateusz Piechocki, Bartosz Ptak, Cezary Walig\u00f3ra, Piotr Wyrwi\u0144ski. <strong>Project: \u201eStudent Flow\u201d<\/strong><\/p>\n\n\n\n<p>\u201cStudent Flow\u201d helps to diversify the form of remote learning. Students can answer a series of quizzes and quotations and the results can be discussed by the teacher.<\/p>\n\n\n\n<p><strong>3<\/strong><sup><strong>rd <\/strong><\/sup><strong>place: ICQ Team<\/strong>: Marek Augustin, Mark\u00e9ta Ku\u010derov\u00e1, \u0160tefan&nbsp;Kukla, Ad\u00e9la Rihakova. <strong>Project: \u201eKLIC\u201d.<\/strong><\/p>\n\n\n\n<p>\u201cKLIC\u201d is a platform for teachers who can consult the materials on an ongoing basis to make them accessible for all students- without any educational barriers.<\/p>\n\n\n\n<p><\/p>\n\n\n\n<p><\/p>\n\n\n\n<div style=\"height:22px\" aria-hidden=\"true\" class=\"wp-block-spacer\"><\/div>\n\n\n\n<div style=\"height:333px\" aria-hidden=\"true\" class=\"wp-block-spacer\"><\/div>\n\n\n\n<h3 class=\"text-center\">\nContact us:<br>\n<a href=\"mailto:contact@eduhack.iuw.edu.pl\">\ncontact@eduhack.iuw.edu.pl\n<\/a>\n<\/h3>\n\n\n\n<center>\n<section class=\"wp-block-pixudio-sponsors section\"><div class=\"sponsors in-view\">\n<h3 class=\"in-view__child in-view__child--fadein\">Organizers<\/h3>\n<div class=\"row padding-top margin-top margin-bottom padding-bottom\" style=\"height: 100px;\">\n\n<div class=\"col-lg-6 col-sm-12 in-view__child in-view__child--fadein\"><figure><img style=\"max-height: 100px;\" class=\"lazyload--el lazyload\" alt=\"\" src=\"https:\/\/eduhack.iuw.edu.pl\/external\/logos\/UW%20-%20logo.png\"><\/figure><\/div>\n<div class=\"col-lg-6 col-sm-12 in-view__child in-view__child--fadein\"><figure><img style=\"max-height: 100px;\" class=\"lazyload--el lazyload\" alt=\"\" src=\"https:\/\/eduhack.iuw.edu.pl\/external\/logos\/iuw%20-%20logo.png\"><\/figure><\/div>\n\n<\/section>\n\n<section class=\"wp-block-pixudio-sponsors section\"><div class=\"sponsors in-view\">\n<h3 class=\"in-view__child in-view__child--fadein\">Partner Universities<\/h3>\n<div class=\"row padding-top margin-top margin-bottom padding-bottom\">\n\n<div class=\"col-lg-4 col-sm-12 in-view__child in-view__child--fadein\"><figure height=\"100px\"><img style=\"max-height: 100px;\" class=\"lazyload--el lazyload\" alt=\"\" src=\"http:\/\/eduhack.iuw.edu.pl\/wp-content\/uploads\/2020\/12\/Palacky-1.png\"><\/figure><\/div>\n<div class=\"col-lg-4 col-sm-12 in-view__child in-view__child--fadein\"><figure height=\"100px\"><img style=\"max-height: 100px;\" class=\"lazyload--el lazyload\" alt=\"\" src=\"http:\/\/eduhack.iuw.edu.pl\/wp-content\/uploads\/2020\/12\/buda.png\"><\/figure><\/div>\n<div class=\"col-lg-4 col-sm-12 in-view__child in-view__child--fadein\"><figure height=\"100px\"><img style=\"max-height: 100px;\" class=\"lazyload--el lazyload\" alt=\"\" src=\"http:\/\/eduhack.iuw.edu.pl\/wp-content\/uploads\/2020\/12\/UNI_Bonn_Logo_Standard_RZ_XL.png\"><\/figure><\/div>\n<\/div>\n<div class=\"row padding-top margin-top margin-bottom padding-bottom\">\n<div class=\"col-lg-4 col-sm-12 in-view__child in-view__child--fadein\"><figure height=\"100px\"><img style=\"max-height: 100px;\" class=\"lazyload--el lazyload\" alt=\"\" src=\"https:\/\/eduhack.iuw.edu.pl\/external\/logos\/WUM%20-%20logo.png\"><\/figure><\/div>\n<div class=\"col-lg-4 col-sm-12 in-view__child in-view__child--fadein\"><figure height=\"100px\"><img style=\"max-height: 100px;\" class=\"lazyload--el lazyload\" alt=\"\" src=\"https:\/\/eduhack.iuw.edu.pl\/external\/logos\/muni.jpg\"><\/figure><\/div>\n<div class=\"col-lg-4 col-sm-12 in-view__child in-view__child--fadein\"><figure height=\"100px\"><img style=\"max-height: 100px;\" class=\"lazyload--el lazyload\" alt=\"\" src=\"http:\/\/eduhack.iuw.edu.pl\/wp-content\/uploads\/2020\/12\/UK-uzitna-eng-barevna.png\"><\/figure><\/div>\n<\/div>\n<\/div>\n<\/div>\n<\/section>\n\n<br>\n<center>\n<div class=\"row padding-top margin-top margin-bottom padding-bottom\">\n<div class=\"col-lg-6 col-sm-12\">\n<section class=\"wp-block-pixudio-sponsors section\"><div class=\"sponsors in-view\">\n<h3 class=\"in-view__child in-view__child--fadein\">Main Sponsor<\/h3>\n<div class=\"row padding-top margin-top margin-bottom padding-bottom\">\n<div class=\"col-12 in-view__child in-view__child--fadein\"><figure height=\"100px\"><img style=\"max-height: 100px;\" class=\"lazyload--el lazyload\" alt=\"\"  src=\"https:\/\/eduhack.iuw.edu.pl\/external\/logos\/Pfizer%20-%20logo.png\"><\/figure><\/div>\n\n<\/section>\n<\/div>\n<div class=\"col-lg-6 col-sm-12\">\n<section class=\"wp-block-pixudio-sponsors section\"><div class=\"sponsors in-view\">\n<h3 class=\"in-view__child in-view__child--fadein\">Sponsors<\/h3>\n<div class=\"row padding-top margin-top margin-bottom padding-bottom\">\n<div class=\"col-lg-12 col-sm-12 in-view__child in-view__child--fadein\"><figure height=\"60px\"><img style=\"max-height: 60px;\" class=\"lazyload--el lazyload\" alt=\"\" src=\"http:\/\/eduhack.iuw.edu.pl\/wp-content\/uploads\/2020\/12\/eit-food-logo-pelne-1.png\"><\/figure><\/div>\n<\/div>\n\n<\/section>\n<\/div>\n<\/div>\n\n<section class=\"wp-block-pixudio-sponsors section\"><div class=\"sponsors in-view\">\n<h3 class=\"in-view__child in-view__child--fadein\">Content Partners<\/h3>\n<div class=\"row padding-top margin-top margin-bottom padding-bottom\">\n<div class=\"col-lg-6 col-sm-12 in-view__child in-view__child--fadein\"><figure height=\"100px\"><img style=\"max-height: 60px;\" class=\"lazyload--el lazyload\" alt=\"\" src=\"http:\/\/eduhack.iuw.edu.pl\/wp-content\/uploads\/2020\/12\/TGTH.png\"><\/figure><\/div>\n<div class=\"col-lg-6 col-sm-12 in-view__child in-view__child--fadein\"><figure height=\"100px\"><img style=\"max-height: 60px;\" class=\"lazyload--el lazyload\" alt=\"\" src=\"https:\/\/eduhack.iuw.edu.pl\/external\/logos\/Delab%20-%20logo.png\"><\/figure><\/div>\n<\/div>\n<\/section>\n\n<\/center>\n\n<center>\n<section class=\"wp-block-pixudio-sponsors section\"><div class=\"sponsors in-view\">\n<h3 class=\"in-view__child in-view__child--fadein\">Media Patrons<\/h3>\n<div class=\"row padding-top margin-top margin-bottom padding-bottom\" style=\"height: 100px;\">\n<div class=\"col-lg-3 col-sm-12 in-view__child in-view__child--fadein\"><figure><img style=\"max-height: 100px;\" class=\"lazyload--el lazyload\" alt=\"\" src=\"http:\/\/eduhack.iuw.edu.pl\/wp-content\/uploads\/2020\/12\/ap4.jpg\"><\/figure><\/div>\n<div class=\"col-lg-3 col-sm-12 in-view__child in-view__child--fadein\"><figure><img style=\"max-height: 100px;\" class=\"lazyload--el lazyload\" alt=\"\" src=\"http:\/\/eduhack.iuw.edu.pl\/wp-content\/uploads\/2020\/12\/ap2.png\"><\/figure><\/div>\n<div class=\"col-lg-3 col-sm-12 in-view__child in-view__child--fadein\"><figure><img style=\"max-height: 100px;\" class=\"lazyload--el lazyload\" alt=\"\" src=\"http:\/\/eduhack.iuw.edu.pl\/wp-content\/uploads\/2020\/12\/ap1.png\"><\/figure><\/div>\n<div class=\"col-lg-3 col-sm-12 in-view__child in-view__child--fadein\"><figure><img style=\"max-height: 100px;\" class=\"lazyload--el lazyload\" alt=\"\" src=\"http:\/\/eduhack.iuw.edu.pl\/wp-content\/uploads\/2020\/12\/ap3.jpg\"><\/figure><\/div>\n\n<\/div>\n<\/section>\n\n<\/center>\n\n\n\n<p><\/p>\n","protected":false},"excerpt":{"rendered":"<p>That is why the University of Warsaw Incubator, together with its partner universities, is organizing an international hackathon. The students&hellip;<\/p>\n","protected":false},"author":1,"featured_media":1898,"parent":0,"menu_order":0,"comment_status":"closed","ping_status":"closed","template":"","meta":[],"_links":{"self":[{"href":"https:\/\/eduhack.iuw.edu.pl\/index.php?rest_route=\/wp\/v2\/pages\/115"}],"collection":[{"href":"https:\/\/eduhack.iuw.edu.pl\/index.php?rest_route=\/wp\/v2\/pages"}],"about":[{"href":"https:\/\/eduhack.iuw.edu.pl\/index.php?rest_route=\/wp\/v2\/types\/page"}],"author":[{"embeddable":true,"href":"https:\/\/eduhack.iuw.edu.pl\/index.php?rest_route=\/wp\/v2\/users\/1"}],"replies":[{"embeddable":true,"href":"https:\/\/eduhack.iuw.edu.pl\/index.php?rest_route=%2Fwp%2Fv2%2Fcomments&post=115"}],"version-history":[{"count":135,"href":"https:\/\/eduhack.iuw.edu.pl\/index.php?rest_route=\/wp\/v2\/pages\/115\/revisions"}],"predecessor-version":[{"id":2049,"href":"https:\/\/eduhack.iuw.edu.pl\/index.php?rest_route=\/wp\/v2\/pages\/115\/revisions\/2049"}],"wp:featuredmedia":[{"embeddable":true,"href":"https:\/\/eduhack.iuw.edu.pl\/index.php?rest_route=\/wp\/v2\/media\/1898"}],"wp:attachment":[{"href":"https:\/\/eduhack.iuw.edu.pl\/index.php?rest_route=%2Fwp%2Fv2%2Fmedia&parent=115"}],"curies":[{"name":"wp","href":"https:\/\/api.w.org\/{rel}","templated":true}]}}